{"id":204,"date":"2019-09-27T18:00:36","date_gmt":"2019-09-27T18:00:36","guid":{"rendered":"http:\/\/tavaruk.de\/saga\/?page_id=204"},"modified":"2020-10-09T08:58:11","modified_gmt":"2020-10-09T08:58:11","slug":"horbuch","status":"publish","type":"page","link":"http:\/\/tavaruk.de\/saga\/horbuch\/","title":{"rendered":"H\u00f6rbuch"},"content":{"rendered":"<p>[et_pb_section fb_built=&#8221;1&#8243; admin_label=&#8221;Header&#8221; _builder_version=&#8221;3.29.3&#8243; background_color=&#8221;rgba(0,0,0,0)&#8221; background_color_gradient_direction=&#8221;124deg&#8221; background_image=&#8221;http:\/\/tavaruk.de\/saga\/wp-content\/uploads\/2019\/09\/VD8ldiL.jpg&#8221; parallax=&#8221;on&#8221; parallax_method=&#8221;off&#8221; custom_padding=&#8221;0vw||0vw||false|false&#8221; border_color_all=&#8221;#31d190&#8243; border_width_left=&#8221;0px&#8221; locked=&#8221;off&#8221; fb_built=&#8221;1&#8243; _i=&#8221;0&#8243; _address=&#8221;0&#8243;][et_pb_row use_custom_gutter=&#8221;on&#8221; gutter_width=&#8221;4&#8243; _builder_version=&#8221;3.25&#8243; background_size=&#8221;contain&#8221; background_position=&#8221;bottom_center&#8221; max_width=&#8221;1280px&#8221; custom_padding=&#8221;||32px|||&#8221; _i=&#8221;0&#8243; _address=&#8221;0.0&#8243;][et_pb_column type=&#8221;4_4&#8243; _builder_version=&#8221;3.25&#8243; custom_padding=&#8221;40px|||&#8221; custom_padding_tablet=&#8221;0vw|||&#8221; _i=&#8221;0&#8243; _address=&#8221;0.0.0&#8243; custom_padding__hover=&#8221;|||&#8221;][et_pb_text _builder_version=&#8221;3.29.3&#8243; text_font=&#8221;||||||||&#8221; text_text_color=&#8221;#88badb&#8221; text_font_size=&#8221;18px&#8221; text_line_height=&#8221;1.8em&#8221; header_font=&#8221;Montserrat|800||on|||||&#8221; header_text_align=&#8221;center&#8221; header_text_color=&#8221;#ffffff&#8221; header_font_size=&#8221;4.5vw&#8221; header_line_height=&#8221;1.1em&#8221; custom_margin=&#8221;||30px|||&#8221; text_font_size_tablet=&#8221;16px&#8221; text_font_size_phone=&#8221;14px&#8221; text_font_size_last_edited=&#8221;on|phone&#8221; text_line_height_tablet=&#8221;1.8em&#8221; text_line_height_phone=&#8221;1.7em&#8221; text_line_height_last_edited=&#8221;off|phone&#8221; header_font_size_tablet=&#8221;8vw&#8221; header_font_size_phone=&#8221;10vw&#8221; header_font_size_last_edited=&#8221;on|phone&#8221; _i=&#8221;0&#8243; _address=&#8221;0.0.0.0&#8243;]<\/p>\n<h1>kostprobe zum anh\u00f6ren<\/h1>\n<p>[\/et_pb_text][\/et_pb_column][\/et_pb_row][et_pb_row custom_padding_last_edited=&#8221;on|phone&#8221; _builder_version=&#8221;3.29.3&#8243; background_image=&#8221;http:\/\/tavaruk.de\/saga\/wp-content\/uploads\/2019\/09\/calligraphy_54.png&#8221; width=&#8221;100%&#8221; max_width=&#8221;100%&#8221; custom_margin=&#8221;16px|auto||auto||&#8221; custom_padding=&#8221;146px||39px|||&#8221; custom_padding_phone=&#8221;0px||0px||false|false&#8221; _i=&#8221;1&#8243; _address=&#8221;0.1&#8243;][et_pb_column type=&#8221;4_4&#8243; _builder_version=&#8221;3.29.3&#8243; _i=&#8221;0&#8243; _address=&#8221;0.1.0&#8243;][\/et_pb_column][\/et_pb_row][\/et_pb_section][et_pb_section fb_built=&#8221;1&#8243; _builder_version=&#8221;3.29.3&#8243; background_color=&#8221;#000&#8243; fb_built=&#8221;1&#8243; _i=&#8221;1&#8243; _address=&#8221;1&#8243;][et_pb_row column_structure=&#8221;1_2,1_2&#8243; use_custom_gutter=&#8221;on&#8221; gutter_width=&#8221;4&#8243; _builder_version=&#8221;3.25&#8243; background_size=&#8221;contain&#8221; background_position=&#8221;bottom_center&#8221; max_width=&#8221;1280px&#8221; custom_margin=&#8221;-1px|auto||auto||&#8221; custom_padding=&#8221;0px||32px|||&#8221; locked=&#8221;off&#8221; _i=&#8221;0&#8243; _address=&#8221;1.0&#8243;][et_pb_column type=&#8221;1_2&#8243; _builder_version=&#8221;3.25&#8243; custom_padding=&#8221;40px|||&#8221; custom_padding_tablet=&#8221;0vw|||&#8221; _i=&#8221;0&#8243; _address=&#8221;1.0.0&#8243; custom_padding__hover=&#8221;|||&#8221;][et_pb_text _builder_version=&#8221;3.29.3&#8243; text_line_height=&#8221;2.2em&#8221; _i=&#8221;0&#8243; _address=&#8221;1.0.0.0&#8243;]<\/p>\n<p>Das vom Autor selbst eingelesene H\u00f6rbuch ist noch Zukunftsmusik &#8211;\u00a0 in der ersten H\u00e4lfte des Jahres 2020 h\u00e4tte es soweit sein sollen, aber nun sieht es aus, als m\u00fcssten wir zun\u00e4chst auf das Ende der Apokalypse warten. Vielleicht erreichen wir diese traumhaft postapokalyptischen Zust\u00e4nde schon n\u00e4chstes Jahr? Bis dahin macht diese H\u00f6rprobe hoffentlich Lust auf mehr.\u00a0 Wer nicht so lange warten m\u00f6chte, kann sich gerne an Chronomantie versuchen!<\/p>\n<p>[\/et_pb_text][\/et_pb_column][et_pb_column type=&#8221;1_2&#8243; _builder_version=&#8221;3.25&#8243; custom_padding=&#8221;|||&#8221; _i=&#8221;1&#8243; _address=&#8221;1.0.1&#8243; custom_padding__hover=&#8221;|||&#8221;][et_pb_text _builder_version=&#8221;3.29.3&#8243; _i=&#8221;0&#8243; _address=&#8221;1.0.1.0&#8243;]<iframe width=\"100%\" height=\"300\" scrolling=\"no\" frameborder=\"no\" allow=\"autoplay\" src=\"https:\/\/w.soundcloud.com\/player\/?url=https%3A\/\/api.soundcloud.com\/tracks\/596944680&#038;color=%23ff5500&#038;auto_play=false&#038;hide_related=false&#038;show_comments=true&#038;show_user=true&#038;show_reposts=false&#038;show_teaser=true&#038;visual=true\"><\/iframe>[\/et_pb_text][\/et_pb_column][\/et_pb_row][\/et_pb_section][et_pb_section fb_built=&#8221;1&#8243; _builder_version=&#8221;3.29.3&#8243; background_image=&#8221;http:\/\/tavaruk.de\/saga\/wp-content\/uploads\/2019\/09\/blsfaQk.jpg&#8221; parallax=&#8221;on&#8221; parallax_method=&#8221;off&#8221; custom_padding=&#8221;0px||0px|||&#8221; global_module=&#8221;291&#8243; saved_tabs=&#8221;all&#8221; fb_built=&#8221;1&#8243; _i=&#8221;0&#8243; _address=&#8221;2&#8243;][et_pb_row custom_padding_last_edited=&#8221;on|phone&#8221; _builder_version=&#8221;3.29.3&#8243; background_image=&#8221;http:\/\/tavaruk.de\/saga\/wp-content\/uploads\/2019\/09\/calligraphy_55.png&#8221; width=&#8221;100%&#8221; max_width=&#8221;100%&#8221; custom_margin=&#8221;||||false|true&#8221; custom_padding=&#8221;||80px||false|false&#8221; custom_padding_phone=&#8221;||0px||false|false&#8221; locked=&#8221;off&#8221; _i=&#8221;0&#8243; _address=&#8221;2.0&#8243;][et_pb_column type=&#8221;4_4&#8243; _builder_version=&#8221;3.29.3&#8243; _i=&#8221;0&#8243; _address=&#8221;2.0.0&#8243;][\/et_pb_column][\/et_pb_row][et_pb_row _builder_version=&#8221;3.29.3&#8243; _i=&#8221;1&#8243; _address=&#8221;2.1&#8243;][et_pb_column type=&#8221;4_4&#8243; _builder_version=&#8221;3.29.3&#8243; _i=&#8221;0&#8243; _address=&#8221;2.1.0&#8243;][et_pb_cta title=&#8221;Hol dir TEIL I &#8211; Weltenretter!&#8221; button_url=&#8221;https:\/\/www.amazon.de\/Die-Tavaruk-Saga-Teil-I-Weltenretter\/dp\/375049469X\/ref=sr_1_1?__mk_de_DE=%C3%85M%C3%85%C5%BD%C3%95%C3%91&#038;dchild=1&#038;keywords=tavaruk+saga&#038;qid=1585768392&#038;sr=8-1&#8243; url_new_window=&#8221;on&#8221; button_text=&#8221;AMAZON&#8221; _builder_version=&#8221;3.29.3&#8243; header_font=&#8221;|||on|||||&#8221; header_font_size=&#8221;60px&#8221; header_line_height=&#8221;1.3em&#8221; background_enable_color=&#8221;off&#8221; use_background_color=&#8221;off&#8221; custom_button=&#8221;on&#8221; button_text_color=&#8221;#ffffff&#8221; button_bg_color=&#8221;#88badb&#8221; button_border_width=&#8221;0px&#8221; button_border_radius=&#8221;0px&#8221; button_font=&#8221;Montserrat|700||on|||||&#8221; button_icon=&#8221;%%114%%&#8221; link_option_url_new_window=&#8221;on&#8221; header_font_size_tablet=&#8221;36px&#8221; header_font_size_phone=&#8221;30px&#8221; header_font_size_last_edited=&#8221;on|phone&#8221; button_bg_enable_color=&#8221;on&#8221; _i=&#8221;0&#8243; _address=&#8221;2.1.0.0&#8243;][\/et_pb_cta][et_pb_button button_url=&#8221;https:\/\/www.bod.de\/buchshop\/die-tavaruk-saga-marco-geiger-9783750494695&#8243; url_new_window=&#8221;on&#8221; button_text=&#8221;BoD&#8221; button_alignment=&#8221;center&#8221; _builder_version=&#8221;3.29.3&#8243; custom_button=&#8221;on&#8221; button_text_color=&#8221;#ffffff&#8221; button_bg_color=&#8221;#88badb&#8221; button_border_color=&#8221;rgba(0,0,0,0)&#8221; button_border_radius=&#8221;0px&#8221; button_font=&#8221;Montserrat|700|||||||&#8221; background_layout=&#8221;dark&#8221; custom_margin=&#8221;|-3px||||&#8221; button_bg_enable_color=&#8221;on&#8221; _i=&#8221;1&#8243; _address=&#8221;2.1.0.1&#8243;][\/et_pb_button][et_pb_button button_url=&#8221;https:\/\/www.hugendubel.de\/de\/buch_kartoniert\/marco_geiger-die_tavaruk_saga-38796540-produkt-details.html?searchId=1684121305&#038;originalSearchString=&#8221; url_new_window=&#8221;on&#8221; button_text=&#8221;HUGENDUBEL&#8221; button_alignment=&#8221;center&#8221; _builder_version=&#8221;3.29.3&#8243; custom_button=&#8221;on&#8221; button_text_color=&#8221;#ffffff&#8221; button_bg_color=&#8221;#88badb&#8221; button_border_color=&#8221;rgba(0,0,0,0)&#8221; button_border_radius=&#8221;0px&#8221; button_font=&#8221;Montserrat|700|||||||&#8221; background_layout=&#8221;dark&#8221; custom_margin=&#8221;|-3px||||&#8221; button_bg_enable_color=&#8221;on&#8221; _i=&#8221;2&#8243; _address=&#8221;2.1.0.2&#8243;][\/et_pb_button][et_pb_button button_url=&#8221;https:\/\/www.osiander.de\/webdb\/index.cfm?osiaction=details&#038;id=LBRA39470837&#038;source=UWK&#8221; url_new_window=&#8221;on&#8221; button_text=&#8221;OSIANDER&#8221; button_alignment=&#8221;center&#8221; _builder_version=&#8221;3.29.3&#8243; custom_button=&#8221;on&#8221; button_text_color=&#8221;#ffffff&#8221; button_bg_color=&#8221;#88badb&#8221; button_border_color=&#8221;rgba(0,0,0,0)&#8221; button_border_radius=&#8221;0px&#8221; button_font=&#8221;Montserrat|700|||||||&#8221; background_layout=&#8221;dark&#8221; custom_padding=&#8221;|||13px||&#8221; button_bg_enable_color=&#8221;on&#8221; _i=&#8221;3&#8243; _address=&#8221;2.1.0.3&#8243;][\/et_pb_button][et_pb_button button_url=&#8221;https:\/\/www.thalia.de\/shop\/home\/artikeldetails\/ID147754629.html&#8221; url_new_window=&#8221;on&#8221; button_text=&#8221;THALIA&#8221; button_alignment=&#8221;center&#8221; _builder_version=&#8221;3.29.3&#8243; custom_button=&#8221;on&#8221; button_text_color=&#8221;#ffffff&#8221; button_bg_color=&#8221;#88badb&#8221; button_border_color=&#8221;rgba(0,0,0,0)&#8221; button_border_radius=&#8221;0px&#8221; button_font=&#8221;Montserrat|700|||||||&#8221; background_layout=&#8221;dark&#8221; button_bg_enable_color=&#8221;on&#8221; _i=&#8221;4&#8243; _address=&#8221;2.1.0.4&#8243;][\/et_pb_button][et_pb_cta title=&#8221;IN DER SCHWEIZ&#8221; button_url=&#8221;https:\/\/www.buchhaus.ch\/de\/buecher\/belletristik\/scifi_fantasy\/detail\/ISBN-9783750494695\/Geiger-Marco\/Die-Tavaruk-Saga?bpmctrl=bpmrownr.1%7Cforeign.490271-1-0-0&#8243; url_new_window=&#8221;on&#8221; button_text=&#8221;BUCHHAUS&#8221; _builder_version=&#8221;3.29.3&#8243; header_font=&#8221;|||on|||||&#8221; header_font_size=&#8221;60px&#8221; header_line_height=&#8221;1.3em&#8221; background_enable_color=&#8221;off&#8221; use_background_color=&#8221;off&#8221; custom_button=&#8221;on&#8221; button_text_color=&#8221;#ffffff&#8221; button_bg_color=&#8221;#88badb&#8221; button_border_width=&#8221;0px&#8221; button_border_radius=&#8221;0px&#8221; button_font=&#8221;Montserrat|700||on|||||&#8221; button_icon=&#8221;%%114%%&#8221; link_option_url_new_window=&#8221;on&#8221; header_font_size_tablet=&#8221;36px&#8221; header_font_size_phone=&#8221;30px&#8221; header_font_size_last_edited=&#8221;on|phone&#8221; button_bg_enable_color=&#8221;on&#8221; _i=&#8221;5&#8243; _address=&#8221;2.1.0.5&#8243;][\/et_pb_cta][et_pb_button button_url=&#8221;https:\/\/www.exlibris.ch\/de\/buecher-buch\/deutschsprachige-buecher\/marco-geiger\/die-tavaruk-saga\/id\/9783750494695&#8243; url_new_window=&#8221;on&#8221; button_text=&#8221;EXLIBRIS&#8221; button_alignment=&#8221;center&#8221; _builder_version=&#8221;3.29.3&#8243; custom_button=&#8221;on&#8221; button_text_color=&#8221;#ffffff&#8221; button_bg_color=&#8221;#88badb&#8221; button_border_color=&#8221;rgba(0,0,0,0)&#8221; button_border_radius=&#8221;0px&#8221; button_font=&#8221;Montserrat|700|||||||&#8221; background_layout=&#8221;dark&#8221; button_bg_enable_color=&#8221;on&#8221; _i=&#8221;6&#8243; _address=&#8221;2.1.0.6&#8243;][\/et_pb_button][et_pb_button button_url=&#8221;https:\/\/www.orellfuessli.ch\/shop\/home\/artikeldetails\/ID147754629.html&#8221; url_new_window=&#8221;on&#8221; button_text=&#8221;ORELL F\u00dcSSLI&#8221; button_alignment=&#8221;center&#8221; _builder_version=&#8221;3.29.3&#8243; custom_button=&#8221;on&#8221; button_text_color=&#8221;#ffffff&#8221; button_bg_color=&#8221;#88badb&#8221; button_border_color=&#8221;rgba(0,0,0,0)&#8221; button_border_radius=&#8221;0px&#8221; button_font=&#8221;Montserrat|700|||||||&#8221; background_layout=&#8221;dark&#8221; button_bg_enable_color=&#8221;on&#8221; _i=&#8221;7&#8243; _address=&#8221;2.1.0.7&#8243;][\/et_pb_button][\/et_pb_column][\/et_pb_row][et_pb_row custom_padding_last_edited=&#8221;on|phone&#8221; _builder_version=&#8221;3.29.3&#8243; background_image=&#8221;http:\/\/tavaruk.de\/saga\/wp-content\/uploads\/2019\/09\/calligraphy_54.png&#8221; width=&#8221;100%&#8221; max_width=&#8221;100%&#8221; custom_margin=&#8221;|auto|0px|auto|false|false&#8221; custom_padding=&#8221;121px||70px|||&#8221; custom_padding_tablet=&#8221;||0px||false|false&#8221; _i=&#8221;2&#8243; _address=&#8221;2.2&#8243;][et_pb_column type=&#8221;4_4&#8243; _builder_version=&#8221;3.29.3&#8243; _i=&#8221;0&#8243; _address=&#8221;2.2.0&#8243;][\/et_pb_column][\/et_pb_row][\/et_pb_section]<\/p>\n","protected":false},"excerpt":{"rendered":"<p>[et_pb_section fb_built=&#8221;1&#8243; admin_label=&#8221;Header&#8221; _builder_version=&#8221;3.29.3&#8243; background_color=&#8221;rgba(0,0,0,0)&#8221; background_color_gradient_direction=&#8221;124deg&#8221; background_image=&#8221;http:\/\/tavaruk.de\/saga\/wp-content\/uploads\/2019\/09\/VD8ldiL.jpg&#8221; parallax=&#8221;on&#8221; parallax_method=&#8221;off&#8221; custom_padding=&#8221;0vw||0vw||false|false&#8221; border_color_all=&#8221;#31d190&#8243; border_width_left=&#8221;0px&#8221; locked=&#8221;off&#8221; fb_built=&#8221;1&#8243; _i=&#8221;0&#8243; _address=&#8221;0&#8243;][et_pb_row use_custom_gutter=&#8221;on&#8221; gutter_width=&#8221;4&#8243; _builder_version=&#8221;3.25&#8243; background_size=&#8221;contain&#8221; background_position=&#8221;bottom_center&#8221; max_width=&#8221;1280px&#8221; custom_padding=&#8221;||32px|||&#8221; _i=&#8221;0&#8243; _address=&#8221;0.0&#8243;][et_pb_column type=&#8221;4_4&#8243; _builder_version=&#8221;3.25&#8243; custom_padding=&#8221;40px|||&#8221; custom_padding_tablet=&#8221;0vw|||&#8221; _i=&#8221;0&#8243; _address=&#8221;0.0.0&#8243; custom_padding__hover=&#8221;|||&#8221;][et_pb_text _builder_version=&#8221;3.29.3&#8243; text_font=&#8221;||||||||&#8221; text_text_color=&#8221;#88badb&#8221; text_font_size=&#8221;18px&#8221; text_line_height=&#8221;1.8em&#8221; header_font=&#8221;Montserrat|800||on|||||&#8221; header_text_align=&#8221;center&#8221; header_text_color=&#8221;#ffffff&#8221; header_font_size=&#8221;4.5vw&#8221; header_line_height=&#8221;1.1em&#8221; custom_margin=&#8221;||30px|||&#8221; text_font_size_tablet=&#8221;16px&#8221; text_font_size_phone=&#8221;14px&#8221; text_font_size_last_edited=&#8221;on|phone&#8221; text_line_height_tablet=&#8221;1.8em&#8221; text_line_height_phone=&#8221;1.7em&#8221; text_line_height_last_edited=&#8221;off|phone&#8221; header_font_size_tablet=&#8221;8vw&#8221; header_font_size_phone=&#8221;10vw&#8221; header_font_size_last_edited=&#8221;on|phone&#8221; _i=&#8221;0&#8243; _address=&#8221;0.0.0.0&#8243;] kostprobe [&hellip;]<\/p>\n","protected":false},"author":1,"featured_media":0,"parent":0,"menu_order":0,"comment_status":"closed","ping_status":"closed","template":"","meta":{"_et_pb_use_builder":"on","_et_pb_old_content":""},"_links":{"self":[{"href":"http:\/\/tavaruk.de\/saga\/wp-json\/wp\/v2\/pages\/204"}],"collection":[{"href":"http:\/\/tavaruk.de\/saga\/wp-json\/wp\/v2\/pages"}],"about":[{"href":"http:\/\/tavaruk.de\/saga\/wp-json\/wp\/v2\/types\/page"}],"author":[{"embeddable":true,"href":"http:\/\/tavaruk.de\/saga\/wp-json\/wp\/v2\/users\/1"}],"replies":[{"embeddable":true,"href":"http:\/\/tavaruk.de\/saga\/wp-json\/wp\/v2\/comments?post=204"}],"version-history":[{"count":15,"href":"http:\/\/tavaruk.de\/saga\/wp-json\/wp\/v2\/pages\/204\/revisions"}],"predecessor-version":[{"id":658,"href":"http:\/\/tavaruk.de\/saga\/wp-json\/wp\/v2\/pages\/204\/revisions\/658"}],"wp:attachment":[{"href":"http:\/\/tavaruk.de\/saga\/wp-json\/wp\/v2\/media?parent=204"}],"curies":[{"name":"wp","href":"https:\/\/api.w.org\/{rel}","templated":true}]}}