{"id":11,"date":"2019-09-21T12:24:22","date_gmt":"2019-09-21T12:24:22","guid":{"rendered":"http:\/\/tavaruk.de\/saga\/?page_id=11"},"modified":"2020-10-16T01:02:16","modified_gmt":"2020-10-16T01:02:16","slug":"der-autor","status":"publish","type":"page","link":"http:\/\/tavaruk.de\/saga\/der-autor\/","title":{"rendered":"Der Autor"},"content":{"rendered":"<p>[et_pb_section fb_built=&#8221;1&#8243; admin_label=&#8221;Header&#8221; _builder_version=&#8221;3.29.3&#8243; background_color=&#8221;rgba(0,0,0,0)&#8221; background_color_gradient_direction=&#8221;124deg&#8221; background_image=&#8221;http:\/\/tavaruk.de\/saga\/wp-content\/uploads\/2019\/09\/VD8ldiL.jpg&#8221; parallax=&#8221;on&#8221; parallax_method=&#8221;off&#8221; custom_padding=&#8221;0vw||0vw||false|false&#8221; border_color_all=&#8221;#31d190&#8243; border_width_left=&#8221;0px&#8221; locked=&#8221;off&#8221; fb_built=&#8221;1&#8243; _i=&#8221;0&#8243; _address=&#8221;0&#8243;][et_pb_row use_custom_gutter=&#8221;on&#8221; gutter_width=&#8221;4&#8243; _builder_version=&#8221;3.25&#8243; background_size=&#8221;contain&#8221; background_position=&#8221;bottom_center&#8221; max_width=&#8221;1280px&#8221; custom_padding=&#8221;||32px|||&#8221; _i=&#8221;0&#8243; _address=&#8221;0.0&#8243;][et_pb_column type=&#8221;4_4&#8243; _builder_version=&#8221;3.25&#8243; custom_padding=&#8221;40px|||&#8221; custom_padding_tablet=&#8221;0vw|||&#8221; _i=&#8221;0&#8243; _address=&#8221;0.0.0&#8243; custom_padding__hover=&#8221;|||&#8221;][et_pb_text _builder_version=&#8221;3.29.3&#8243; text_font=&#8221;||||||||&#8221; text_text_color=&#8221;#88badb&#8221; text_font_size=&#8221;18px&#8221; text_line_height=&#8221;1.8em&#8221; header_font=&#8221;Montserrat|800||on|||||&#8221; header_text_align=&#8221;center&#8221; header_text_color=&#8221;#ffffff&#8221; header_font_size=&#8221;4.5vw&#8221; header_line_height=&#8221;1.1em&#8221; custom_margin=&#8221;||30px|||&#8221; text_font_size_tablet=&#8221;16px&#8221; text_font_size_phone=&#8221;14px&#8221; text_font_size_last_edited=&#8221;on|phone&#8221; text_line_height_tablet=&#8221;1.8em&#8221; text_line_height_phone=&#8221;1.7em&#8221; text_line_height_last_edited=&#8221;off|phone&#8221; header_font_size_tablet=&#8221;8vw&#8221; header_font_size_phone=&#8221;10vw&#8221; header_font_size_last_edited=&#8221;on|phone&#8221; _i=&#8221;0&#8243; _address=&#8221;0.0.0.0&#8243;]<\/p>\n<h1>Der Autor<\/h1>\n<p>[\/et_pb_text][\/et_pb_column][\/et_pb_row][et_pb_row custom_padding_last_edited=&#8221;on|phone&#8221; _builder_version=&#8221;3.29.3&#8243; background_image=&#8221;http:\/\/tavaruk.de\/saga\/wp-content\/uploads\/2019\/09\/calligraphy_54.png&#8221; width=&#8221;100%&#8221; max_width=&#8221;100%&#8221; custom_margin=&#8221;16px|auto||auto||&#8221; custom_padding=&#8221;163px||39px|||&#8221; custom_padding_phone=&#8221;0px||||false|false&#8221; _i=&#8221;1&#8243; _address=&#8221;0.1&#8243;][et_pb_column type=&#8221;4_4&#8243; _builder_version=&#8221;3.29.3&#8243; _i=&#8221;0&#8243; _address=&#8221;0.1.0&#8243;][\/et_pb_column][\/et_pb_row][\/et_pb_section][et_pb_section fb_built=&#8221;1&#8243; _builder_version=&#8221;3.29.3&#8243; background_color=&#8221;#000&#8243; fb_built=&#8221;1&#8243; _i=&#8221;1&#8243; _address=&#8221;1&#8243;][et_pb_row column_structure=&#8221;1_2,1_2&#8243; use_custom_gutter=&#8221;on&#8221; gutter_width=&#8221;4&#8243; _builder_version=&#8221;3.25&#8243; background_size=&#8221;contain&#8221; background_position=&#8221;bottom_center&#8221; max_width=&#8221;1280px&#8221; custom_margin=&#8221;-1px|auto||auto||&#8221; custom_padding=&#8221;0px||32px|||&#8221; locked=&#8221;off&#8221; _i=&#8221;0&#8243; _address=&#8221;1.0&#8243;][et_pb_column type=&#8221;1_2&#8243; _builder_version=&#8221;3.25&#8243; custom_padding=&#8221;40px|||&#8221; custom_padding_tablet=&#8221;0vw|||&#8221; _i=&#8221;0&#8243; _address=&#8221;1.0.0&#8243; custom_padding__hover=&#8221;|||&#8221;][et_pb_image src=&#8221;http:\/\/tavaruk.de\/saga\/wp-content\/uploads\/2020\/10\/fb2019-3.jpg&#8221; _builder_version=&#8221;3.29.3&#8243; hover_enabled=&#8221;0&#8243; border_radii=&#8221;on|50%|50%|50%|50%&#8221; _i=&#8221;0&#8243; _address=&#8221;1.0.0.0&#8243;][\/et_pb_image][\/et_pb_column][et_pb_column type=&#8221;1_2&#8243; _builder_version=&#8221;3.25&#8243; custom_padding=&#8221;|||&#8221; _i=&#8221;1&#8243; _address=&#8221;1.0.1&#8243; custom_padding__hover=&#8221;|||&#8221;][et_pb_text _builder_version=&#8221;3.29.3&#8243; text_font=&#8221;||||||||&#8221; text_text_color=&#8221;#88badb&#8221; text_font_size=&#8221;18px&#8221; text_line_height=&#8221;1.8em&#8221; header_font=&#8221;Montserrat|800||on|||||&#8221; header_text_color=&#8221;#ffffff&#8221; header_font_size=&#8221;4.5vw&#8221; header_line_height=&#8221;1.1em&#8221; custom_margin=&#8221;||30px|||&#8221; text_font_size_tablet=&#8221;16px&#8221; text_font_size_phone=&#8221;14px&#8221; text_font_size_last_edited=&#8221;on|phone&#8221; text_line_height_tablet=&#8221;1.8em&#8221; text_line_height_phone=&#8221;1.7em&#8221; text_line_height_last_edited=&#8221;off|phone&#8221; header_font_size_tablet=&#8221;8vw&#8221; header_font_size_phone=&#8221;10vw&#8221; header_font_size_last_edited=&#8221;on|phone&#8221; _i=&#8221;0&#8243; _address=&#8221;1.0.1.0&#8243;]<\/p>\n<h1 style=\"text-align: left;\">Marco Geiger<\/h1>\n<p style=\"text-align: left;\">Weltenb\u00fcrger seit 1979&#8230;<\/p>\n<p>[\/et_pb_text][et_pb_text _builder_version=&#8221;3.29.3&#8243; header_font=&#8221;||||||||&#8221; header_text_color=&#8221;#88badb&#8221; header_font_size=&#8221;18px&#8221; header_line_height=&#8221;1.8em&#8221; _i=&#8221;1&#8243; _address=&#8221;1.0.1.1&#8243;]<\/p>\n<p>&#8230;und Wahl-Budapester seit 2009. Er macht &#8220;was mit Computern&#8221;, um sein Brot zu verdienen, hat aber zum Gl\u00fcck dem Brotjob k\u00fcrzlich eine mehrmonatige Pause verpasst. W\u00e4hrend jener Pause wurde aus un\u00fcberschaubaren Stapeln von Notizen und Zeichnungen der erste Teil der Tavaruk-Saga, &#8220;Weltenretter&#8221;. Steampunkige Dark Fantasy. Illustriert vom Autor selbst, lektoriert von <a href=\"https:\/\/www.bjelaschwenk.de\/\">Bjela Schwenk<\/a>, die er dank eines v\u00f6llig unrealistischen Zufalls kennengelernt hat und die ebenfalls schreibt.<br \/>Marcos Einstieg in die Welt der Fantasy waren Rollenspielrunden mit Freunden, sp\u00e4ter auch Computerrollenspiele. Die \u00c4sthetik der <a href=\"http:\/\/tavaruk.de\/saga\/die-welt-tavaruk\/\">Landkarte<\/a> des K\u00f6nigreichs Cor auf den ersten Seiten von &#8220;Weltenretter&#8221;ist dadurch beeinflusst. Abgesehen davon ist er auch Fan von Science Fiction: Dem &#8220;Technobabble&#8221; aus den Star-Trek-Serien zollt er in der Tavaruk-Saga mit den Fachsimpeleien der corischen Magier seinen Tribut.<\/p>\n<h1><\/h1>\n<p>&nbsp;<\/p>\n<h1>Das Projekt<\/h1>\n<p>Den steinigen Weg vom Manuskript zum fertigen Buch konnte &#8220;Weltenretter&#8221; nur dank wahrhaft phantastischer Unterst\u00fctzung durch Freunde, Familie und eine <a href=\"https:\/\/www.startnext.com\/tavaruk\">Crowdfunding-Kampagne<\/a> schaffen. Der Autor hat zwar die <a href=\"http:\/\/tavaruk.de\/saga\/illustrationen\/\">Illustrationen<\/a> selbst gezeichnet und wird auch das <a href=\"http:\/\/tavaruk.de\/saga\/horbuch\/\">H\u00f6rbuch <\/a>selbst einsprechen, doch ohne den Beistand von so vielen Seiten w\u00e4re die Tavaruk-Saga noch immer nicht mehr als ein Bl\u00e4tterstapel in einer Schublade.<\/p>\n<p>[\/et_pb_text][\/et_pb_column][\/et_pb_row][\/et_pb_section][et_pb_section fb_built=&#8221;1&#8243; _builder_version=&#8221;3.29.3&#8243; background_image=&#8221;http:\/\/tavaruk.de\/saga\/wp-content\/uploads\/2019\/09\/blsfaQk.jpg&#8221; parallax=&#8221;on&#8221; parallax_method=&#8221;off&#8221; custom_padding=&#8221;0px||0px|||&#8221; global_module=&#8221;291&#8243; saved_tabs=&#8221;all&#8221; fb_built=&#8221;1&#8243; _i=&#8221;0&#8243; _address=&#8221;2&#8243;][et_pb_row custom_padding_last_edited=&#8221;on|phone&#8221; _builder_version=&#8221;3.29.3&#8243; background_image=&#8221;http:\/\/tavaruk.de\/saga\/wp-content\/uploads\/2019\/09\/calligraphy_55.png&#8221; width=&#8221;100%&#8221; max_width=&#8221;100%&#8221; custom_margin=&#8221;||||false|true&#8221; custom_padding=&#8221;||80px||false|false&#8221; custom_padding_phone=&#8221;||0px||false|false&#8221; locked=&#8221;off&#8221; _i=&#8221;0&#8243; _address=&#8221;2.0&#8243;][et_pb_column type=&#8221;4_4&#8243; _builder_version=&#8221;3.29.3&#8243; _i=&#8221;0&#8243; _address=&#8221;2.0.0&#8243;][\/et_pb_column][\/et_pb_row][et_pb_row _builder_version=&#8221;3.29.3&#8243; _i=&#8221;1&#8243; _address=&#8221;2.1&#8243;][et_pb_column type=&#8221;4_4&#8243; _builder_version=&#8221;3.29.3&#8243; _i=&#8221;0&#8243; _address=&#8221;2.1.0&#8243;][et_pb_cta title=&#8221;Hol dir TEIL I &#8211; Weltenretter!&#8221; button_url=&#8221;https:\/\/www.amazon.de\/Die-Tavaruk-Saga-Teil-I-Weltenretter\/dp\/375049469X\/ref=sr_1_1?__mk_de_DE=%C3%85M%C3%85%C5%BD%C3%95%C3%91&#038;dchild=1&#038;keywords=tavaruk+saga&#038;qid=1585768392&#038;sr=8-1&#8243; url_new_window=&#8221;on&#8221; button_text=&#8221;AMAZON&#8221; _builder_version=&#8221;3.29.3&#8243; header_font=&#8221;|||on|||||&#8221; header_font_size=&#8221;60px&#8221; header_line_height=&#8221;1.3em&#8221; background_enable_color=&#8221;off&#8221; use_background_color=&#8221;off&#8221; custom_button=&#8221;on&#8221; button_text_color=&#8221;#ffffff&#8221; button_bg_color=&#8221;#88badb&#8221; button_border_width=&#8221;0px&#8221; button_border_radius=&#8221;0px&#8221; button_font=&#8221;Montserrat|700||on|||||&#8221; button_icon=&#8221;%%114%%&#8221; link_option_url_new_window=&#8221;on&#8221; header_font_size_tablet=&#8221;36px&#8221; header_font_size_phone=&#8221;30px&#8221; header_font_size_last_edited=&#8221;on|phone&#8221; button_bg_enable_color=&#8221;on&#8221; _i=&#8221;0&#8243; _address=&#8221;2.1.0.0&#8243;][\/et_pb_cta][et_pb_button button_url=&#8221;https:\/\/www.bod.de\/buchshop\/die-tavaruk-saga-marco-geiger-9783750494695&#8243; url_new_window=&#8221;on&#8221; button_text=&#8221;BoD&#8221; button_alignment=&#8221;center&#8221; _builder_version=&#8221;3.29.3&#8243; custom_button=&#8221;on&#8221; button_text_color=&#8221;#ffffff&#8221; button_bg_color=&#8221;#88badb&#8221; button_border_color=&#8221;rgba(0,0,0,0)&#8221; button_border_radius=&#8221;0px&#8221; button_font=&#8221;Montserrat|700|||||||&#8221; background_layout=&#8221;dark&#8221; custom_margin=&#8221;|-3px||||&#8221; button_bg_enable_color=&#8221;on&#8221; _i=&#8221;1&#8243; _address=&#8221;2.1.0.1&#8243;][\/et_pb_button][et_pb_button button_url=&#8221;https:\/\/www.hugendubel.de\/de\/buch_kartoniert\/marco_geiger-die_tavaruk_saga-38796540-produkt-details.html?searchId=1684121305&#038;originalSearchString=&#8221; url_new_window=&#8221;on&#8221; button_text=&#8221;HUGENDUBEL&#8221; button_alignment=&#8221;center&#8221; _builder_version=&#8221;3.29.3&#8243; custom_button=&#8221;on&#8221; button_text_color=&#8221;#ffffff&#8221; button_bg_color=&#8221;#88badb&#8221; button_border_color=&#8221;rgba(0,0,0,0)&#8221; button_border_radius=&#8221;0px&#8221; button_font=&#8221;Montserrat|700|||||||&#8221; background_layout=&#8221;dark&#8221; custom_margin=&#8221;|-3px||||&#8221; button_bg_enable_color=&#8221;on&#8221; _i=&#8221;2&#8243; _address=&#8221;2.1.0.2&#8243;][\/et_pb_button][et_pb_button button_url=&#8221;https:\/\/www.osiander.de\/webdb\/index.cfm?osiaction=details&#038;id=LBRA39470837&#038;source=UWK&#8221; url_new_window=&#8221;on&#8221; button_text=&#8221;OSIANDER&#8221; button_alignment=&#8221;center&#8221; _builder_version=&#8221;3.29.3&#8243; custom_button=&#8221;on&#8221; button_text_color=&#8221;#ffffff&#8221; button_bg_color=&#8221;#88badb&#8221; button_border_color=&#8221;rgba(0,0,0,0)&#8221; button_border_radius=&#8221;0px&#8221; button_font=&#8221;Montserrat|700|||||||&#8221; background_layout=&#8221;dark&#8221; custom_padding=&#8221;|||13px||&#8221; button_bg_enable_color=&#8221;on&#8221; _i=&#8221;3&#8243; _address=&#8221;2.1.0.3&#8243;][\/et_pb_button][et_pb_button button_url=&#8221;https:\/\/www.thalia.de\/shop\/home\/artikeldetails\/ID147754629.html&#8221; url_new_window=&#8221;on&#8221; button_text=&#8221;THALIA&#8221; button_alignment=&#8221;center&#8221; _builder_version=&#8221;3.29.3&#8243; custom_button=&#8221;on&#8221; button_text_color=&#8221;#ffffff&#8221; button_bg_color=&#8221;#88badb&#8221; button_border_color=&#8221;rgba(0,0,0,0)&#8221; button_border_radius=&#8221;0px&#8221; button_font=&#8221;Montserrat|700|||||||&#8221; background_layout=&#8221;dark&#8221; button_bg_enable_color=&#8221;on&#8221; _i=&#8221;4&#8243; _address=&#8221;2.1.0.4&#8243;][\/et_pb_button][et_pb_cta title=&#8221;IN DER SCHWEIZ&#8221; button_url=&#8221;https:\/\/www.buchhaus.ch\/de\/buecher\/belletristik\/scifi_fantasy\/detail\/ISBN-9783750494695\/Geiger-Marco\/Die-Tavaruk-Saga?bpmctrl=bpmrownr.1%7Cforeign.490271-1-0-0&#8243; url_new_window=&#8221;on&#8221; button_text=&#8221;BUCHHAUS&#8221; _builder_version=&#8221;3.29.3&#8243; header_font=&#8221;|||on|||||&#8221; header_font_size=&#8221;60px&#8221; header_line_height=&#8221;1.3em&#8221; background_enable_color=&#8221;off&#8221; use_background_color=&#8221;off&#8221; custom_button=&#8221;on&#8221; button_text_color=&#8221;#ffffff&#8221; button_bg_color=&#8221;#88badb&#8221; button_border_width=&#8221;0px&#8221; button_border_radius=&#8221;0px&#8221; button_font=&#8221;Montserrat|700||on|||||&#8221; button_icon=&#8221;%%114%%&#8221; link_option_url_new_window=&#8221;on&#8221; header_font_size_tablet=&#8221;36px&#8221; header_font_size_phone=&#8221;30px&#8221; header_font_size_last_edited=&#8221;on|phone&#8221; button_bg_enable_color=&#8221;on&#8221; _i=&#8221;5&#8243; _address=&#8221;2.1.0.5&#8243;][\/et_pb_cta][et_pb_button button_url=&#8221;https:\/\/www.exlibris.ch\/de\/buecher-buch\/deutschsprachige-buecher\/marco-geiger\/die-tavaruk-saga\/id\/9783750494695&#8243; url_new_window=&#8221;on&#8221; button_text=&#8221;EXLIBRIS&#8221; button_alignment=&#8221;center&#8221; _builder_version=&#8221;3.29.3&#8243; custom_button=&#8221;on&#8221; button_text_color=&#8221;#ffffff&#8221; button_bg_color=&#8221;#88badb&#8221; button_border_color=&#8221;rgba(0,0,0,0)&#8221; button_border_radius=&#8221;0px&#8221; button_font=&#8221;Montserrat|700|||||||&#8221; background_layout=&#8221;dark&#8221; button_bg_enable_color=&#8221;on&#8221; _i=&#8221;6&#8243; _address=&#8221;2.1.0.6&#8243;][\/et_pb_button][et_pb_button button_url=&#8221;https:\/\/www.orellfuessli.ch\/shop\/home\/artikeldetails\/ID147754629.html&#8221; url_new_window=&#8221;on&#8221; button_text=&#8221;ORELL F\u00dcSSLI&#8221; button_alignment=&#8221;center&#8221; _builder_version=&#8221;3.29.3&#8243; custom_button=&#8221;on&#8221; button_text_color=&#8221;#ffffff&#8221; button_bg_color=&#8221;#88badb&#8221; button_border_color=&#8221;rgba(0,0,0,0)&#8221; button_border_radius=&#8221;0px&#8221; button_font=&#8221;Montserrat|700|||||||&#8221; background_layout=&#8221;dark&#8221; button_bg_enable_color=&#8221;on&#8221; _i=&#8221;7&#8243; _address=&#8221;2.1.0.7&#8243;][\/et_pb_button][\/et_pb_column][\/et_pb_row][et_pb_row custom_padding_last_edited=&#8221;on|phone&#8221; _builder_version=&#8221;3.29.3&#8243; background_image=&#8221;http:\/\/tavaruk.de\/saga\/wp-content\/uploads\/2019\/09\/calligraphy_54.png&#8221; width=&#8221;100%&#8221; max_width=&#8221;100%&#8221; custom_margin=&#8221;|auto|0px|auto|false|false&#8221; custom_padding=&#8221;121px||70px|||&#8221; custom_padding_tablet=&#8221;||0px||false|false&#8221; _i=&#8221;2&#8243; _address=&#8221;2.2&#8243;][et_pb_column type=&#8221;4_4&#8243; _builder_version=&#8221;3.29.3&#8243; _i=&#8221;0&#8243; _address=&#8221;2.2.0&#8243;][\/et_pb_column][\/et_pb_row][\/et_pb_section]<\/p>\n","protected":false},"excerpt":{"rendered":"<p>[et_pb_section fb_built=&#8221;1&#8243; admin_label=&#8221;Header&#8221; _builder_version=&#8221;3.29.3&#8243; background_color=&#8221;rgba(0,0,0,0)&#8221; background_color_gradient_direction=&#8221;124deg&#8221; background_image=&#8221;http:\/\/tavaruk.de\/saga\/wp-content\/uploads\/2019\/09\/VD8ldiL.jpg&#8221; parallax=&#8221;on&#8221; parallax_method=&#8221;off&#8221; custom_padding=&#8221;0vw||0vw||false|false&#8221; border_color_all=&#8221;#31d190&#8243; border_width_left=&#8221;0px&#8221; locked=&#8221;off&#8221; fb_built=&#8221;1&#8243; _i=&#8221;0&#8243; _address=&#8221;0&#8243;][et_pb_row use_custom_gutter=&#8221;on&#8221; gutter_width=&#8221;4&#8243; _builder_version=&#8221;3.25&#8243; background_size=&#8221;contain&#8221; background_position=&#8221;bottom_center&#8221; max_width=&#8221;1280px&#8221; custom_padding=&#8221;||32px|||&#8221; _i=&#8221;0&#8243; _address=&#8221;0.0&#8243;][et_pb_column type=&#8221;4_4&#8243; _builder_version=&#8221;3.25&#8243; custom_padding=&#8221;40px|||&#8221; custom_padding_tablet=&#8221;0vw|||&#8221; _i=&#8221;0&#8243; _address=&#8221;0.0.0&#8243; custom_padding__hover=&#8221;|||&#8221;][et_pb_text _builder_version=&#8221;3.29.3&#8243; text_font=&#8221;||||||||&#8221; text_text_color=&#8221;#88badb&#8221; text_font_size=&#8221;18px&#8221; text_line_height=&#8221;1.8em&#8221; header_font=&#8221;Montserrat|800||on|||||&#8221; header_text_align=&#8221;center&#8221; header_text_color=&#8221;#ffffff&#8221; header_font_size=&#8221;4.5vw&#8221; header_line_height=&#8221;1.1em&#8221; custom_margin=&#8221;||30px|||&#8221; text_font_size_tablet=&#8221;16px&#8221; text_font_size_phone=&#8221;14px&#8221; text_font_size_last_edited=&#8221;on|phone&#8221; text_line_height_tablet=&#8221;1.8em&#8221; text_line_height_phone=&#8221;1.7em&#8221; text_line_height_last_edited=&#8221;off|phone&#8221; header_font_size_tablet=&#8221;8vw&#8221; header_font_size_phone=&#8221;10vw&#8221; header_font_size_last_edited=&#8221;on|phone&#8221; _i=&#8221;0&#8243; _address=&#8221;0.0.0.0&#8243;] Der [&hellip;]<\/p>\n","protected":false},"author":1,"featured_media":0,"parent":0,"menu_order":0,"comment_status":"closed","ping_status":"closed","template":"","meta":{"_et_pb_use_builder":"on","_et_pb_old_content":"<!-- wp:divi\/placeholder \/-->"},"_links":{"self":[{"href":"http:\/\/tavaruk.de\/saga\/wp-json\/wp\/v2\/pages\/11"}],"collection":[{"href":"http:\/\/tavaruk.de\/saga\/wp-json\/wp\/v2\/pages"}],"about":[{"href":"http:\/\/tavaruk.de\/saga\/wp-json\/wp\/v2\/types\/page"}],"author":[{"embeddable":true,"href":"http:\/\/tavaruk.de\/saga\/wp-json\/wp\/v2\/users\/1"}],"replies":[{"embeddable":true,"href":"http:\/\/tavaruk.de\/saga\/wp-json\/wp\/v2\/comments?post=11"}],"version-history":[{"count":33,"href":"http:\/\/tavaruk.de\/saga\/wp-json\/wp\/v2\/pages\/11\/revisions"}],"predecessor-version":[{"id":689,"href":"http:\/\/tavaruk.de\/saga\/wp-json\/wp\/v2\/pages\/11\/revisions\/689"}],"wp:attachment":[{"href":"http:\/\/tavaruk.de\/saga\/wp-json\/wp\/v2\/media?parent=11"}],"curies":[{"name":"wp","href":"https:\/\/api.w.org\/{rel}","templated":true}]}}